{"id":14,"date":"2013-06-10T18:44:00","date_gmt":"2013-06-10T18:44:00","guid":{"rendered":"http:\/\/geb-vs.com\/?page_id=14"},"modified":"2025-01-25T22:50:29","modified_gmt":"2025-01-25T21:50:29","slug":"elternbeirate","status":"publish","type":"page","link":"https:\/\/www.geb-schulen-vs.de\/?page_id=14","title":{"rendered":"Schulen"},"content":{"rendered":"<h1 style=\"text-align: center;\">Hier sind alle Schulen velinkt welche sich in der Stadt Villingen-Schwenningen befinden !<\/h1>\n<p style=\"text-align: center;\">Sollte sich eine Schule nicht funktionieren (weil sich zum Beispiel die WEB-Seite ge\u00e4ndert hat ) bitten wir um R\u00fcckmeldung !<\/p>\n<h1 style=\"text-align: center;\">Einfach \u00fcber den Tabulator oben die passende Schule aussuchen<\/h1>\n<p>&nbsp;<\/p>\n<div id=\"wp_fb_like_button\" style=\"margin:5px 0;float:none;height:100px;\"><script src=\"http:\/\/connect.facebook.net\/en_US\/all.js#xfbml=1\"><\/script><fb:like href=\"https:\/\/www.geb-schulen-vs.de\/?page_id=14\" send=\"false\" layout=\"standard\" width=\"850\" show_faces=\"true\" font=\"arial\" action=\"like\" colorscheme=\"light\"><\/fb:like><\/div>","protected":false},"excerpt":{"rendered":"<p>Hier sind alle Schulen velinkt welche sich in der Stadt Villingen-Schwenningen befinden ! Sollte sich eine Schule nicht funktionieren (weil sich zum Beispiel die WEB-Seite ge\u00e4ndert hat ) bitten wir um R\u00fcckmeldung ! Einfach \u00fcber den Tabulator oben die passende &hellip; <\/p>\n","protected":false},"author":1,"featured_media":0,"parent":0,"menu_order":4,"comment_status":"closed","ping_status":"closed","template":"","meta":{"footnotes":""},"class_list":["post-14","page","type-page","status-publish","hentry"],"_links":{"self":[{"href":"https:\/\/www.geb-schulen-vs.de\/index.php?rest_route=\/wp\/v2\/pages\/14","targetHints":{"allow":["GET"]}}],"collection":[{"href":"https:\/\/www.geb-schulen-vs.de\/index.php?rest_route=\/wp\/v2\/pages"}],"about":[{"href":"https:\/\/www.geb-schulen-vs.de\/index.php?rest_route=\/wp\/v2\/types\/page"}],"author":[{"embeddable":true,"href":"https:\/\/www.geb-schulen-vs.de\/index.php?rest_route=\/wp\/v2\/users\/1"}],"replies":[{"embeddable":true,"href":"https:\/\/www.geb-schulen-vs.de\/index.php?rest_route=%2Fwp%2Fv2%2Fcomments&post=14"}],"version-history":[{"count":86,"href":"https:\/\/www.geb-schulen-vs.de\/index.php?rest_route=\/wp\/v2\/pages\/14\/revisions"}],"predecessor-version":[{"id":8005,"href":"https:\/\/www.geb-schulen-vs.de\/index.php?rest_route=\/wp\/v2\/pages\/14\/revisions\/8005"}],"wp:attachment":[{"href":"https:\/\/www.geb-schulen-vs.de\/index.php?rest_route=%2Fwp%2Fv2%2Fmedia&parent=14"}],"curies":[{"name":"wp","href":"https:\/\/api.w.org\/{rel}","templated":true}]}}