{"id":2,"date":"2011-12-28T11:59:57","date_gmt":"2011-12-28T11:59:57","guid":{"rendered":"http:\/\/geb-vs.com\/?page_id=2"},"modified":"2025-12-16T18:41:23","modified_gmt":"2025-12-16T17:41:23","slug":"ueber-den-geb","status":"publish","type":"page","link":"https:\/\/www.geb-schulen-vs.de\/?page_id=2","title":{"rendered":"\u00dcber uns"},"content":{"rendered":"<h1 style=\"text-align: center;\">GEB-Vorstand<strong> 2025\/2026 der st\u00e4dt. Schulen<\/strong><\/h1>\n<h1 style=\"text-align: center;\"><strong> Villingen-Schwenningen<\/strong><\/h1>\n<p><a href=\"https:\/\/www.geb-schulen-vs.de\/wordpress\/wp-content\/uploads\/2025\/12\/27_11-1.jpg\"><img loading=\"lazy\" decoding=\"async\" class=\"alignnone size-full wp-image-8210\" src=\"https:\/\/www.geb-schulen-vs.de\/wordpress\/wp-content\/uploads\/2025\/12\/27_11-1.jpg\" alt=\"\" width=\"1742\" height=\"1082\" srcset=\"https:\/\/geb-schulen-vs.de\/wordpress\/wp-content\/uploads\/2025\/12\/27_11-1.jpg 1742w, https:\/\/geb-schulen-vs.de\/wordpress\/wp-content\/uploads\/2025\/12\/27_11-1-300x186.jpg 300w, https:\/\/geb-schulen-vs.de\/wordpress\/wp-content\/uploads\/2025\/12\/27_11-1-1024x636.jpg 1024w, https:\/\/geb-schulen-vs.de\/wordpress\/wp-content\/uploads\/2025\/12\/27_11-1-768x477.jpg 768w, https:\/\/geb-schulen-vs.de\/wordpress\/wp-content\/uploads\/2025\/12\/27_11-1-1536x954.jpg 1536w, https:\/\/geb-schulen-vs.de\/wordpress\/wp-content\/uploads\/2025\/12\/27_11-1-320x200.jpg 320w, https:\/\/geb-schulen-vs.de\/wordpress\/wp-content\/uploads\/2025\/12\/27_11-1-97x60.jpg 97w\" sizes=\"auto, (max-width: 1742px) 100vw, 1742px\" \/><\/a><\/p>\n<h1 style=\"text-align: center;\"><\/h1>\n<h6><em>hinten von li nach re: Bj\u00f6rn F\u00f6rster (Beisitz),\u00a0 <\/em>Sascha Grudda (szellv. Vorsitz)); <em>Tino Berthold (Vorsitzender), <\/em>Manuell Perzinger (Kasse)<\/h6>\n<h6>vorn von li nach re: Sven Epting (Beisitz), Kristin Rutke (stellv. Vorsitz), Salvatore de Felice (Beisitz), Alexander Kr\u00fcger (Beisitz)<\/h6>\n<h6>nicht im Bild:\u00a0 Verena Szyszka (Beisitz), Gabrielle vom Berg (stellv. Vorsitz)<\/h6>\n<p>&nbsp;<\/p>\n<p><strong>Postanschrift:<\/strong><br \/>\nGesamtelternbeirat der st\u00e4dt. Schulen Villingen-Schwenningen<br \/>\nc\/o Amt f\u00fcr Jugend, Bildung, Integration und Sport<br \/>\nPostfach 12 60<br \/>\n78002 Villingen-Schwenningen<\/p>\n<p><a href=\"https:\/\/www.google.de\/maps\/dir\/\/48.0599068,8.4590354\/@48.0598899,8.4544726,16z\/data=%213m1%214b1\" target=\"_blank\" rel=\"noopener noreferrer\">Karte<\/a><\/p>\n<h1><b>Der GEB-VS vertritt die Interessen der Eltern von ca. 9000 Sch\u00fclerinnen und Sch\u00fclern aus Villingen-Schwenningen.<\/b><\/h1>\n<p><b>Wann kann der GEB agieren? <\/b><\/p>\n<ul>\n<li>Wenn es um Interessen geht, die mehrere Schulen betreffen!<\/li>\n<li>Wenn er vom Elternbeirat angerufen wird!<\/li>\n<\/ul>\n<p><b>Was kann der GEB leisten? <\/b><\/p>\n<ul>\n<li>Informationen bereitstellen!<\/li>\n<li>Fragestellungen recherchieren und gegebenenfalls beantworten!<\/li>\n<li>Dialog f\u00f6rdern!<\/li>\n<\/ul>\n<p><b>Wo sind die Grenzen?<\/b><\/p>\n<ul>\n<li>Der GEB ist ein eigenst\u00e4ndiges Gremium, legitimiert durch die Elternschaft der Schulen!<\/li>\n<li>Der GEB ist nicht weisungsgebunden, folglich auch nicht weisungsberechtigt, damit \u00fcberwiegend beratend t\u00e4tig.<\/li>\n<li>Als ehrenamtlich T\u00e4tige sind die zeitlichen Ressourcen ebenfalls begrenzt.<\/li>\n<\/ul>\n<p><b>Was sind die Ziele?<\/b><\/p>\n<p>Aus dem Plenum heraus l\u00e4sst sich folgendes Ziel anf\u00fchren:<\/p>\n<ul>\n<li>Die Wahlfreiheit der Schulform und Bildungsdauer in erreichbarer N\u00e4he f\u00fcr unsere Sch\u00fclerinnen und Sch\u00fcler!<br \/>\n(Halb- oder Ganztagesunterricht; Abitur nach 12 oder 13 Jahren)<\/li>\n<li>In Konsequenz bedeutet dies <b>den Erhalt und die Weiterentwicklung<\/b> der vorhandenen Schullandschaft in Villingen-Schwenningen.<\/li>\n<\/ul>\n<p><b>Was sind die Rahmenbedingungen?<\/b><\/p>\n<ul>\n<li>Der gegenseitige Informationsaustausch in alle Richtungen auf Augenh\u00f6he.<\/li>\n<\/ul>\n<p>Deshalb sind wir froh \u00fcber die positive Entwicklung des Informationsflusses von Seiten des Tr\u00e4gers der Schulen (SBS) wie auch des Schulamtes Donaueschingen. Verbesserungspotenzial sehen wir bez\u00fcglich der zeitlichen Abfolge!<\/p>\n<p>Michael Grieshaber<br \/>\nehemaliger GEB-Vorsitzender\u00a0 (jetzt au\u00dfer Dienst)<br \/>\nder st\u00e4dt. Schulen Villingen-Schwenningen<\/p>\n<p style=\"text-align: right;\">Fassung, V-Sitzung 16.02.2016<\/p>\n<div id=\"wp_fb_like_button\" style=\"margin:5px 0;float:none;height:100px;\"><script src=\"http:\/\/connect.facebook.net\/en_US\/all.js#xfbml=1\"><\/script><fb:like href=\"https:\/\/www.geb-schulen-vs.de\/?page_id=2\" send=\"false\" layout=\"standard\" width=\"850\" show_faces=\"true\" font=\"arial\" action=\"like\" colorscheme=\"light\"><\/fb:like><\/div>","protected":false},"excerpt":{"rendered":"<p>GEB-Vorstand 2025\/2026 der st\u00e4dt. Schulen Villingen-Schwenningen hinten von li nach re: Bj\u00f6rn F\u00f6rster (Beisitz),\u00a0 Sascha Grudda (szellv. Vorsitz)); Tino Berthold (Vorsitzender), Manuell Perzinger (Kasse) vorn von li nach re: Sven Epting (Beisitz), Kristin Rutke (stellv. Vorsitz), Salvatore de Felice (Beisitz), &hellip; <\/p>\n","protected":false},"author":1,"featured_media":0,"parent":0,"menu_order":2,"comment_status":"closed","ping_status":"closed","template":"","meta":{"footnotes":""},"class_list":["post-2","page","type-page","status-publish","hentry"],"_links":{"self":[{"href":"https:\/\/www.geb-schulen-vs.de\/index.php?rest_route=\/wp\/v2\/pages\/2","targetHints":{"allow":["GET"]}}],"collection":[{"href":"https:\/\/www.geb-schulen-vs.de\/index.php?rest_route=\/wp\/v2\/pages"}],"about":[{"href":"https:\/\/www.geb-schulen-vs.de\/index.php?rest_route=\/wp\/v2\/types\/page"}],"author":[{"embeddable":true,"href":"https:\/\/www.geb-schulen-vs.de\/index.php?rest_route=\/wp\/v2\/users\/1"}],"replies":[{"embeddable":true,"href":"https:\/\/www.geb-schulen-vs.de\/index.php?rest_route=%2Fwp%2Fv2%2Fcomments&post=2"}],"version-history":[{"count":106,"href":"https:\/\/www.geb-schulen-vs.de\/index.php?rest_route=\/wp\/v2\/pages\/2\/revisions"}],"predecessor-version":[{"id":8213,"href":"https:\/\/www.geb-schulen-vs.de\/index.php?rest_route=\/wp\/v2\/pages\/2\/revisions\/8213"}],"wp:attachment":[{"href":"https:\/\/www.geb-schulen-vs.de\/index.php?rest_route=%2Fwp%2Fv2%2Fmedia&parent=2"}],"curies":[{"name":"wp","href":"https:\/\/api.w.org\/{rel}","templated":true}]}}