{"id":2250,"date":"2015-05-15T07:19:08","date_gmt":"2015-05-15T07:19:08","guid":{"rendered":"http:\/\/geb-vs.com\/?page_id=2250"},"modified":"2025-09-28T19:28:50","modified_gmt":"2025-09-28T17:28:50","slug":"veranstaltungen","status":"publish","type":"page","link":"https:\/\/www.geb-schulen-vs.de\/?page_id=2250","title":{"rendered":"Veranstaltungen"},"content":{"rendered":"<h2 style=\"text-align: center;\"><em><span style=\"color: #ff0000;\">12.11.2025 <span style=\"color: #0000ff;\">Informationsveranstaltung \u201eDein Weg zum Abitur\u201c<\/span><\/span><\/em><\/h2>\n<h4 style=\"text-align: center;\">\u00a0( f\u00fcr Sch\u00fcler Sch\u00fclerinnen und Ihren Eltern)<\/h4>\n<p>&nbsp;<\/p>\n<p style=\"text-align: center;\"><a href=\"https:\/\/www.geb-schulen-vs.de\/wordpress\/wp-content\/uploads\/2025\/09\/Screenshot_3-2.jpg\"><img loading=\"lazy\" decoding=\"async\" class=\"alignnone wp-image-8185\" src=\"https:\/\/www.geb-schulen-vs.de\/wordpress\/wp-content\/uploads\/2025\/09\/Screenshot_3-2.jpg\" alt=\"\" width=\"945\" height=\"667\" srcset=\"https:\/\/www.geb-schulen-vs.de\/wordpress\/wp-content\/uploads\/2025\/09\/Screenshot_3-2.jpg 1064w, https:\/\/www.geb-schulen-vs.de\/wordpress\/wp-content\/uploads\/2025\/09\/Screenshot_3-2-300x212.jpg 300w, https:\/\/www.geb-schulen-vs.de\/wordpress\/wp-content\/uploads\/2025\/09\/Screenshot_3-2-1024x723.jpg 1024w, https:\/\/www.geb-schulen-vs.de\/wordpress\/wp-content\/uploads\/2025\/09\/Screenshot_3-2-768x542.jpg 768w, https:\/\/www.geb-schulen-vs.de\/wordpress\/wp-content\/uploads\/2025\/09\/Screenshot_3-2-85x60.jpg 85w\" sizes=\"auto, (max-width: 945px) 100vw, 945px\" \/><\/a><\/p>\n<p>&nbsp;<\/p>\n<p style=\"text-align: center;\"><strong>Wir haben an diesem Abend alle Informationen f\u00fcr Sie zusammengestellt: <\/strong><\/p>\n<p style=\"text-align: center;\"><strong>zun\u00e4chst werden in einer Einf\u00fchrung die Grundlagen und die verschiedenen Profile vorgestellt, anschlie\u00dfend k\u00f6nnen Sie die einzelnen Profile der unterschiedlichen Schulen n\u00e4her kennenlernen. Wir w\u00fcnschen Ihnen eine gute Entscheidung!<\/strong><\/p>\n<h5 style=\"text-align: center;\"><em>Dieses Jahr haben wir in Zusammenarbeit mit dem Landratsamt Schwarzwald-Baar-Kreis die Veranstaltung \u00fcberarbeitet und kommen in einer neuen Aufmachung !<\/em><\/h5>\n<h4 style=\"text-align: center;\"><span style=\"color: #ff0000;\"><a style=\"color: #ff0000;\" href=\"https:\/\/www.geb-schulen-vs.de\/wordpress\/wp-content\/uploads\/2025\/09\/Infoflyer-Dein-Weg-zum-Abiturt.pdf\" target=\"_blank\" rel=\"noopener\">Und hier kann man den aktuellen Flyer auch Downloaden und weitergeben <\/a><\/span><\/h4>\n<p>&nbsp;<\/p>\n<p>&nbsp;<\/p>\n<div id=\"wp_fb_like_button\" style=\"margin:5px 0;float:none;height:100px;\"><script src=\"http:\/\/connect.facebook.net\/en_US\/all.js#xfbml=1\"><\/script><fb:like href=\"https:\/\/www.geb-schulen-vs.de\/?page_id=2250\" send=\"false\" layout=\"standard\" width=\"850\" show_faces=\"true\" font=\"arial\" action=\"like\" colorscheme=\"light\"><\/fb:like><\/div>","protected":false},"excerpt":{"rendered":"<p>12.11.2025 Informationsveranstaltung \u201eDein Weg zum Abitur\u201c \u00a0( f\u00fcr Sch\u00fcler Sch\u00fclerinnen und Ihren Eltern) &nbsp; &nbsp; Wir haben an diesem Abend alle Informationen f\u00fcr Sie zusammengestellt: zun\u00e4chst werden in einer Einf\u00fchrung die Grundlagen und die verschiedenen Profile vorgestellt, anschlie\u00dfend k\u00f6nnen Sie &hellip; <\/p>\n","protected":false},"author":2,"featured_media":0,"parent":0,"menu_order":0,"comment_status":"closed","ping_status":"closed","template":"","meta":{"footnotes":""},"class_list":["post-2250","page","type-page","status-publish","hentry"],"_links":{"self":[{"href":"https:\/\/www.geb-schulen-vs.de\/index.php?rest_route=\/wp\/v2\/pages\/2250","targetHints":{"allow":["GET"]}}],"collection":[{"href":"https:\/\/www.geb-schulen-vs.de\/index.php?rest_route=\/wp\/v2\/pages"}],"about":[{"href":"https:\/\/www.geb-schulen-vs.de\/index.php?rest_route=\/wp\/v2\/types\/page"}],"author":[{"embeddable":true,"href":"https:\/\/www.geb-schulen-vs.de\/index.php?rest_route=\/wp\/v2\/users\/2"}],"replies":[{"embeddable":true,"href":"https:\/\/www.geb-schulen-vs.de\/index.php?rest_route=%2Fwp%2Fv2%2Fcomments&post=2250"}],"version-history":[{"count":72,"href":"https:\/\/www.geb-schulen-vs.de\/index.php?rest_route=\/wp\/v2\/pages\/2250\/revisions"}],"predecessor-version":[{"id":8193,"href":"https:\/\/www.geb-schulen-vs.de\/index.php?rest_route=\/wp\/v2\/pages\/2250\/revisions\/8193"}],"wp:attachment":[{"href":"https:\/\/www.geb-schulen-vs.de\/index.php?rest_route=%2Fwp%2Fv2%2Fmedia&parent=2250"}],"curies":[{"name":"wp","href":"https:\/\/api.w.org\/{rel}","templated":true}]}}