{"id":277,"date":"2014-01-23T12:08:56","date_gmt":"2014-01-23T12:08:56","guid":{"rendered":"http:\/\/geb-vs.com\/?page_id=277"},"modified":"2016-07-18T15:04:17","modified_gmt":"2016-07-18T15:04:17","slug":"presse","status":"publish","type":"page","link":"https:\/\/www.geb-schulen-vs.de\/?page_id=277","title":{"rendered":"Presse"},"content":{"rendered":"<p>Auch \u00c4rger um Friedensschule gab Ansto\u00df f\u00fcr Umdenken Quelle: <a href=\"http:\/\/www.schwarzwaelder-bote.de\/inhalt.villingen-schwenningen-auch-aerger-um-friedensschule-gab-anstoss-fuer-umdenken.24290295-829c-4653-8955-8097b0d6ede6.html\" target=\"_blank\">Von Eva-Maria Huber Schwarzw\u00e4lder-Bote 21.06.2016<\/a><\/p>\n<p>Eltern wollen geh\u00f6rt werden Quelle: <a href=\"https:\/\/www.geb-vs.com\/wp-content\/uploads\/2016\/06\/22_0622_Villingen-Schwenningen.pdf\" target=\"_blank\">NQ 22.06.2016<\/a><\/p>\n<p>Werkrealschule soll erhalten bleiben Quelle: <a href=\"http:\/\/www.suedkurier.de\/region\/schwarzwald-baar-heuberg\/villingen-schwenningen\/Werkrealschule-soll-erhalten-bleiben;art372541,8769556\" target=\"_blank\"> Uwe Spille S\u00fcdkurier 21.06.2016<\/a><\/p>\n<p>Elternbeir\u00e4te befassen sich mit Brennpunkten Quelle: <a title=\"https:\/\/www.geb-vs.com\/wp-content\/uploads\/2015\/11\/28_1125_Villingen-Schwenningen.pdf\" href=\"https:\/\/www.geb-vs.com\/wp-content\/uploads\/2015\/11\/28_1125_Villingen-Schwenningen.pdf\" target=\"_blank\">die Neckarquelle: 25.11.2015<\/a><\/p>\n<p>Verschiedene Wege f\u00fchren zum Abitur Quelle: \u00a0<a title=\"http:\/\/www.schwarzwaelder-bote.de\/inhalt.villingen-schwenningen-verschiedene-wege-fuehren-zum-abitur.58d44746-9146-4827-b5e2-b19ea8671d87.html\" href=\"http:\/\/www.schwarzwaelder-bote.de\/inhalt.villingen-schwenningen-verschiedene-wege-fuehren-zum-abitur.58d44746-9146-4827-b5e2-b19ea8671d87.html\" target=\"_blank\">Schwarzw\u00e4lder-Bote, 31.10.2015<\/a><\/p>\n<p>Aufkl\u00e4rung und Pr\u00e4vention k\u00f6nnen gegen Mobbing helfen Quelle: <a title=\"http:\/\/www.suedkurier.de\/region\/schwarzwald-baar-heuberg\/villingen-schwenningen\/Aufklaerung-und-Praevention-koennen-gegen-Mobbing-helfen;art372541,8181463\" href=\"http:\/\/www.suedkurier.de\/region\/schwarzwald-baar-heuberg\/villingen-schwenningen\/Aufklaerung-und-Praevention-koennen-gegen-Mobbing-helfen;art372541,8181463\" target=\"_blank\">S\u00fcdkurier 26.09.2015<\/a><\/p>\n<p>Mobbing ist wie Diktatur im Klassenzimmer Quelle: <a title=\"http:\/\/www.schwarzwaelder-bote.de\/inhalt.villingen-schwenningen-mobbing-ist-wie-diktatur-im-klassenzimmer.36e0dc44-a800-418f-876b-bad7eb2b38bf.html\" href=\"http:\/\/www.schwarzwaelder-bote.de\/inhalt.villingen-schwenningen-mobbing-ist-wie-diktatur-im-klassenzimmer.36e0dc44-a800-418f-876b-bad7eb2b38bf.html\" target=\"_blank\">Schwarzw\u00e4lder-Bote, 26.09.2015<\/a><\/p>\n<p>Eltern wollen mehr Informationen Quelle: <a title=\"http:\/\/www.suedkurier.de\/region\/schwarzwald-baar-heuberg\/villingen-schwenningen\/Eltern-wollen-mehr-Informationen;art372541,7823514\" href=\"http:\/\/www.suedkurier.de\/region\/schwarzwald-baar-heuberg\/villingen-schwenningen\/Eltern-wollen-mehr-Informationen;art372541,7823514\" target=\"_blank\">S\u00fcdkurier Sabine Naiemi <time datetime=\"2015-05-02T01:17:58Z\">02.05.2015<\/time><\/a><\/p>\n<p>Zoff um Ganztagsschule Quelle: <a title=\"http:\/\/www.schwarzwaelder-bote.de\/inhalt.villingen-schwenningen-zoff-um-ganztagsschule.e97cfc4e-0983-4d60-bb60-79028a124446.html\" href=\"http:\/\/www.schwarzwaelder-bote.de\/inhalt.villingen-schwenningen-zoff-um-ganztagsschule.e97cfc4e-0983-4d60-bb60-79028a124446.html\" target=\"_blank\">Schwarzw\u00e4lder-Bote, 02.05.2015<\/a><\/p>\n<p>Am Ende bleibt Misstrauen Quelle: <a title=\"https:\/\/www.geb-vs.com\/wp-content\/uploads\/2014\/12\/digiPaper_EC389C1FA5C95ABAFE70A6CA5A7B0F36.pdf\" href=\"https:\/\/www.geb-vs.com\/wp-content\/uploads\/2014\/12\/Am-Ende-bleibt-Misstrauen.jpg\" target=\"_blank\">Redaktion Schwarzw\u00e4lder Bote 16.12.2014<\/a><\/p>\n<p>Stadt soll alle Schulen untersuchen Quelle: <a title=\"http:\/\/www.nq-online.de\/nq_50_28936_Gesamtelternbeirat-Stadt-soll-alle-Schulen-untersuchen.html\" href=\"http:\/\/www.nq-online.de\/nq_50_28936_Gesamtelternbeirat-Stadt-soll-alle-Schulen-untersuchen.html\" target=\"_blank\">Die Neckarquelle 11.12.2014<\/a><\/p>\n<p>Schwenninger Sch\u00fcler zeitweise nach Obereschach ausgelagert Quelle: <a title=\"http:\/\/www.suedkurier.de\/region\/schwarzwald-baar-heuberg\/villingen-schwenningen\/Schwenninger-Schueler-zeitweise-nach-Obereschach-ausgelagert;art372541,7481613\" href=\"http:\/\/www.suedkurier.de\/region\/schwarzwald-baar-heuberg\/villingen-schwenningen\/Schwenninger-Schueler-zeitweise-nach-Obereschach-ausgelagert;art372541,7481613\" target=\"_blank\">S\u00fcdkurier 12.12.2014 von Heinz Wittmann<\/a><\/p>\n<p>Viele Wege f\u00fchren zum Abitur Quelle: <a title=\"http:\/\/www.suedkurier.de\/region\/schwarzwald-baar-heuberg\/villingen-schwenningen\/Viele-Wege-fuehren-zum-Abitur;art372541,7350809\" href=\"http:\/\/www.suedkurier.de\/region\/schwarzwald-baar-heuberg\/villingen-schwenningen\/Viele-Wege-fuehren-zum-Abitur;art372541,7350809\" target=\"_blank\">24.10.2014 S\u00fcdkurier<\/a><\/p>\n<p>Marode Schulen nerven Eltern in Villingen-Schwenningen\u00a0 Quelle: <a href=\"http:\/\/www.suedkurier.de\/region\/schwarzwald-baar-heuberg\/villingen-schwenningen\/Marode-Schulen-nerven-Eltern-in-Villingen-Schwenningen;art372541,7102187\" target=\"_blank\">17.07.2014 S\u00fcdkurier<\/a><\/p>\n<p>Fit f\u00fcr die berufliche Zukunft Quelle: <a title=\"http:\/\/www.suedkurier.de\/region\/schwarzwald-baar-heuberg\/villingen-schwenningen\/Fit-fuer-die-berufliche-Zukunft;art372541,7093293\" href=\"http:\/\/www.suedkurier.de\/region\/schwarzwald-baar-heuberg\/villingen-schwenningen\/Fit-fuer-die-berufliche-Zukunft;art372541,7093293\" target=\"_blank\">14.07.2014 S\u00fcdkurier <\/a><\/p>\n<p>Eltern wollen mehr Lehrer Quelle: <a href=\"http:\/\/www.suedkurier.de\/region\/schwarzwald-baar-heuberg\/villingen-schwenningen\/Eltern-wollen-mehr-Lehrer;art372541,6521475\" target=\"_blank\">07.12.2013 S\u00fcdkurier<\/a><\/p>\n<p>Den Eltern stinkt&#8217;s gewaltig Quelle: <a href=\"http:\/\/www.suedkurier.de\/region\/schwarzwald-baar-heuberg\/villingen-schwenningen\/Den-Eltern-stinkts-gewaltig;art372541,6095584\" target=\"_blank\">05.06.2013 S\u00fcdkurier <\/a><\/p>\n<p>Eltern sauer wegen Sanierungsstau Quelle: <a href=\"http:\/\/www.suedkurier.de\/region\/schwarzwald-baar-heuberg\/villingen-schwenningen\/Eltern-sauer-wegen-Sanierungsstau;art372541,6027482\" target=\"_blank\">23.04.2013 S\u00fcdkurier <\/a><\/p>\n<p>Wir wollen uns Geh\u00f6r verschaffen Quelle: <a href=\"http:\/\/www.schwarzwaelder-bote.de\/inhalt.villingen-schwenningen-wir-wollen-uns-gehoer-verschaffen.3f4f2539-e441-4ea4-babf-389ae03b0210.html\" target=\"_blank\">13.03.2013 Schwarzw\u00e4lder-Bote<\/a><\/p>\n<div id=\"wp_fb_like_button\" style=\"margin:5px 0;float:none;height:100px;\"><script src=\"http:\/\/connect.facebook.net\/en_US\/all.js#xfbml=1\"><\/script><fb:like href=\"https:\/\/www.geb-schulen-vs.de\/?page_id=277\" send=\"false\" layout=\"standard\" width=\"850\" show_faces=\"true\" font=\"arial\" action=\"like\" colorscheme=\"light\"><\/fb:like><\/div>","protected":false},"excerpt":{"rendered":"<p>Auch \u00c4rger um Friedensschule gab Ansto\u00df f\u00fcr Umdenken Quelle: Von Eva-Maria Huber Schwarzw\u00e4lder-Bote 21.06.2016 Eltern wollen geh\u00f6rt werden Quelle: NQ 22.06.2016 Werkrealschule soll erhalten bleiben Quelle: Uwe Spille S\u00fcdkurier 21.06.2016 Elternbeir\u00e4te befassen sich mit Brennpunkten Quelle: die Neckarquelle: 25.11.2015 Verschiedene &hellip; <\/p>\n","protected":false},"author":1,"featured_media":0,"parent":690,"menu_order":8,"comment_status":"closed","ping_status":"closed","template":"","meta":{"footnotes":""},"class_list":["post-277","page","type-page","status-publish","hentry"],"_links":{"self":[{"href":"https:\/\/www.geb-schulen-vs.de\/index.php?rest_route=\/wp\/v2\/pages\/277","targetHints":{"allow":["GET"]}}],"collection":[{"href":"https:\/\/www.geb-schulen-vs.de\/index.php?rest_route=\/wp\/v2\/pages"}],"about":[{"href":"https:\/\/www.geb-schulen-vs.de\/index.php?rest_route=\/wp\/v2\/types\/page"}],"author":[{"embeddable":true,"href":"https:\/\/www.geb-schulen-vs.de\/index.php?rest_route=\/wp\/v2\/users\/1"}],"replies":[{"embeddable":true,"href":"https:\/\/www.geb-schulen-vs.de\/index.php?rest_route=%2Fwp%2Fv2%2Fcomments&post=277"}],"version-history":[{"count":33,"href":"https:\/\/www.geb-schulen-vs.de\/index.php?rest_route=\/wp\/v2\/pages\/277\/revisions"}],"predecessor-version":[{"id":3914,"href":"https:\/\/www.geb-schulen-vs.de\/index.php?rest_route=\/wp\/v2\/pages\/277\/revisions\/3914"}],"up":[{"embeddable":true,"href":"https:\/\/www.geb-schulen-vs.de\/index.php?rest_route=\/wp\/v2\/pages\/690"}],"wp:attachment":[{"href":"https:\/\/www.geb-schulen-vs.de\/index.php?rest_route=%2Fwp%2Fv2%2Fmedia&parent=277"}],"curies":[{"name":"wp","href":"https:\/\/api.w.org\/{rel}","templated":true}]}}