{"id":6612,"date":"2020-05-21T17:33:30","date_gmt":"2020-05-21T17:33:30","guid":{"rendered":"https:\/\/www.geb-vs.com\/?page_id=6612"},"modified":"2025-09-21T21:45:20","modified_gmt":"2025-09-21T19:45:20","slug":"kontakt","status":"publish","type":"page","link":"https:\/\/www.geb-schulen-vs.de\/?page_id=6612","title":{"rendered":"Kontakt"},"content":{"rendered":"<p>Sie erreichen den Gesamtelternbeirat \u00fcber:<br \/>\nMail : <a href=\"mailto:geb-vs.berthold@outlook.de\">geb-vs.berthold@outlook.de<\/a><\/p>\n<p>In dringenden F\u00e4llen \u00fcber Tel.:<br \/>\n+49 178 52 53 797<\/p>\n<p>(bitte beachten Sie, dass wir ehrenamtlich arbeiten. Wir gehen einem Beruf nach und sind daher telefonisch nur eingeschr\u00e4nkt zu erreichen. Aus diesem Grund bitten wir Sie den Weg per Mail zu bevorzugen)<\/p>\n<p>Alternativ k\u00f6nnen Sie auch unser Kommentarfeld benutzen<\/p>\n<div id=\"wp_fb_like_button\" style=\"margin:5px 0;float:none;height:100px;\"><script src=\"http:\/\/connect.facebook.net\/en_US\/all.js#xfbml=1\"><\/script><fb:like href=\"https:\/\/www.geb-schulen-vs.de\/?page_id=6612\" send=\"false\" layout=\"standard\" width=\"850\" show_faces=\"true\" font=\"arial\" action=\"like\" colorscheme=\"light\"><\/fb:like><\/div>","protected":false},"excerpt":{"rendered":"<p>Sie erreichen den Gesamtelternbeirat \u00fcber: Mail : geb-vs.berthold@outlook.de In dringenden F\u00e4llen \u00fcber Tel.: +49 178 52 53 797 (bitte beachten Sie, dass wir ehrenamtlich arbeiten. Wir gehen einem Beruf nach und sind daher telefonisch nur eingeschr\u00e4nkt zu erreichen. Aus diesem &hellip; <\/p>\n","protected":false},"author":257,"featured_media":0,"parent":0,"menu_order":0,"comment_status":"open","ping_status":"closed","template":"","meta":{"footnotes":""},"class_list":["post-6612","page","type-page","status-publish","hentry"],"_links":{"self":[{"href":"https:\/\/www.geb-schulen-vs.de\/index.php?rest_route=\/wp\/v2\/pages\/6612","targetHints":{"allow":["GET"]}}],"collection":[{"href":"https:\/\/www.geb-schulen-vs.de\/index.php?rest_route=\/wp\/v2\/pages"}],"about":[{"href":"https:\/\/www.geb-schulen-vs.de\/index.php?rest_route=\/wp\/v2\/types\/page"}],"author":[{"embeddable":true,"href":"https:\/\/www.geb-schulen-vs.de\/index.php?rest_route=\/wp\/v2\/users\/257"}],"replies":[{"embeddable":true,"href":"https:\/\/www.geb-schulen-vs.de\/index.php?rest_route=%2Fwp%2Fv2%2Fcomments&post=6612"}],"version-history":[{"count":8,"href":"https:\/\/www.geb-schulen-vs.de\/index.php?rest_route=\/wp\/v2\/pages\/6612\/revisions"}],"predecessor-version":[{"id":6954,"href":"https:\/\/www.geb-schulen-vs.de\/index.php?rest_route=\/wp\/v2\/pages\/6612\/revisions\/6954"}],"wp:attachment":[{"href":"https:\/\/www.geb-schulen-vs.de\/index.php?rest_route=%2Fwp%2Fv2%2Fmedia&parent=6612"}],"curies":[{"name":"wp","href":"https:\/\/api.w.org\/{rel}","templated":true}]}}