{"id":7950,"date":"2025-01-25T20:03:56","date_gmt":"2025-01-25T19:03:56","guid":{"rendered":"https:\/\/www.geb-schulen-vs.de\/?page_id=7950"},"modified":"2026-04-27T18:17:09","modified_gmt":"2026-04-27T16:17:09","slug":"berufsinformation","status":"publish","type":"page","link":"https:\/\/www.geb-schulen-vs.de\/?page_id=7950","title":{"rendered":"Berufsinformation"},"content":{"rendered":"<h3><\/h3>\n<h3><\/h3>\n<h2 style=\"text-align: center;\"><\/h2>\n<h2 style=\"text-align: center;\"><span style=\"color: #ff0000;\"><a style=\"color: #ff0000;\" href=\"https:\/\/www.geb-schulen-vs.de\/?page_id=8332\" target=\"_blank\" rel=\"noopener\">Berufe in Uniform (07.05.2026)<\/a><\/span><\/h2>\n<h2 style=\"text-align: center;\"><span style=\"color: #ff0000;\"><a style=\"color: #ff0000;\" href=\"https:\/\/www.geb-schulen-vs.de\/?page_id=8353\" target=\"_blank\" rel=\"noopener\">Berufsorientierung f\u00fcr Ukrainischer Sch\u00fcler (07.05.2026)<\/a><\/span><\/h2>\n<h2 style=\"text-align: center;\"><span style=\"color: #ff0000;\"><a style=\"color: #ff0000;\" href=\"https:\/\/www.geb-schulen-vs.de\/?page_id=8328\" target=\"_blank\" rel=\"noopener\">Kunststoff Christel &#8211; Bad D\u00fcrrheim (09.06.2026)<\/a><\/span><\/h2>\n<p>&nbsp;<\/p>\n<h2 style=\"text-align: center;\"><span style=\"color: #ff0000;\"><a style=\"color: #ff0000;\" href=\"https:\/\/www.geb-schulen-vs.de\/?page_id=8239\">Wertvolle Links<\/a><\/span><\/h2>\n<p>&nbsp;<\/p>\n<p>&nbsp;<\/p>\n<p>&nbsp;<\/p>\n<div id=\"wp_fb_like_button\" style=\"margin:5px 0;float:none;height:100px;\"><script src=\"http:\/\/connect.facebook.net\/en_US\/all.js#xfbml=1\"><\/script><fb:like href=\"https:\/\/www.geb-schulen-vs.de\/?page_id=7950\" send=\"false\" layout=\"standard\" width=\"850\" show_faces=\"true\" font=\"arial\" action=\"like\" colorscheme=\"light\"><\/fb:like><\/div>","protected":false},"excerpt":{"rendered":"<p>Berufe in Uniform (07.05.2026) Berufsorientierung f\u00fcr Ukrainischer Sch\u00fcler (07.05.2026) Kunststoff Christel &#8211; Bad D\u00fcrrheim (09.06.2026) &nbsp; Wertvolle Links &nbsp; &nbsp; &nbsp;<\/p>\n","protected":false},"author":257,"featured_media":0,"parent":0,"menu_order":6,"comment_status":"closed","ping_status":"closed","template":"","meta":{"footnotes":""},"class_list":["post-7950","page","type-page","status-publish","hentry"],"_links":{"self":[{"href":"https:\/\/www.geb-schulen-vs.de\/index.php?rest_route=\/wp\/v2\/pages\/7950","targetHints":{"allow":["GET"]}}],"collection":[{"href":"https:\/\/www.geb-schulen-vs.de\/index.php?rest_route=\/wp\/v2\/pages"}],"about":[{"href":"https:\/\/www.geb-schulen-vs.de\/index.php?rest_route=\/wp\/v2\/types\/page"}],"author":[{"embeddable":true,"href":"https:\/\/www.geb-schulen-vs.de\/index.php?rest_route=\/wp\/v2\/users\/257"}],"replies":[{"embeddable":true,"href":"https:\/\/www.geb-schulen-vs.de\/index.php?rest_route=%2Fwp%2Fv2%2Fcomments&post=7950"}],"version-history":[{"count":25,"href":"https:\/\/www.geb-schulen-vs.de\/index.php?rest_route=\/wp\/v2\/pages\/7950\/revisions"}],"predecessor-version":[{"id":8364,"href":"https:\/\/www.geb-schulen-vs.de\/index.php?rest_route=\/wp\/v2\/pages\/7950\/revisions\/8364"}],"wp:attachment":[{"href":"https:\/\/www.geb-schulen-vs.de\/index.php?rest_route=%2Fwp%2Fv2%2Fmedia&parent=7950"}],"curies":[{"name":"wp","href":"https:\/\/api.w.org\/{rel}","templated":true}]}}