{"id":8292,"date":"2026-03-03T12:35:22","date_gmt":"2026-03-03T11:35:22","guid":{"rendered":"https:\/\/www.geb-schulen-vs.de\/?page_id=8292"},"modified":"2026-03-03T12:58:07","modified_gmt":"2026-03-03T11:58:07","slug":"jobs-for-future-livestreams","status":"publish","type":"page","link":"https:\/\/www.geb-schulen-vs.de\/?page_id=8292","title":{"rendered":"Jobs for Future &#8211; Livestreams"},"content":{"rendered":"<p style=\"text-align: center;\"><a href=\"https:\/\/www.geb-schulen-vs.de\/wordpress\/wp-content\/uploads\/2026\/01\/Screenshot_2.jpg\"><img loading=\"lazy\" decoding=\"async\" class=\"wp-image-8259 aligncenter\" src=\"https:\/\/www.geb-schulen-vs.de\/wordpress\/wp-content\/uploads\/2026\/01\/Screenshot_2.jpg\" alt=\"\" width=\"208\" height=\"187\" srcset=\"https:\/\/geb-schulen-vs.de\/wordpress\/wp-content\/uploads\/2026\/01\/Screenshot_2.jpg 335w, https:\/\/geb-schulen-vs.de\/wordpress\/wp-content\/uploads\/2026\/01\/Screenshot_2-300x270.jpg 300w, https:\/\/geb-schulen-vs.de\/wordpress\/wp-content\/uploads\/2026\/01\/Screenshot_2-67x60.jpg 67w\" sizes=\"auto, (max-width: 208px) 100vw, 208px\" \/><\/a>Pers\u00f6nliche Beratung, Gespr\u00e4che face to face und lebendiges Messegeschehen: die Jobs for Future auf dem Messegel\u00e4nde Villingen-Schwenningen ist Treffpunkt f\u00fcr Menschen in allen Phasen des Berufslebens. Sie ist Kommunikationsplattform, Treffpunkt zum Netzwerken und Jobb\u00f6rse live.<\/p>\n<p style=\"text-align: center;\">Ob Stellenangebote, Studien- und Ausbildungspl\u00e4tze, Praktika und Weiterbildungen \u2013 die Jobs for Future ist eine Messe f\u00fcr Alle, die beruflich ihre M\u00f6glichkeiten kennen lernen oder nutzen wollen. Das Messekonzept ist klar beschrieben: Alles kompakt auf kurzen Wegen und unter einem Dach.<\/p>\n<h3 style=\"text-align: center;\"><strong><span style=\"color: #ff0000;\"><a style=\"color: #ff0000;\" href=\"https:\/\/www.jobsforfuture-vs.de\/home\" target=\"_blank\" rel=\"noopener\">Zur Homepage der Jobs for Future<\/a><\/span><\/strong><\/h3>\n<p>&nbsp;<\/p>\n<p style=\"text-align: center;\">Neu ist das erste Livestream-Studio auf der Messe &#8211; den aktuellen Flyer dazu findet Ihr hier:<\/p>\n<p>&nbsp;<\/p>\n<figure id=\"attachment_8302\" aria-describedby=\"caption-attachment-8302\" style=\"width: 2560px\" class=\"wp-caption aligncenter\"><a href=\"https:\/\/www.geb-schulen-vs.de\/wordpress\/wp-content\/uploads\/2026\/03\/Jff-scaled.jpg\"><img loading=\"lazy\" decoding=\"async\" class=\"wp-image-8302 size-full\" src=\"https:\/\/www.geb-schulen-vs.de\/wordpress\/wp-content\/uploads\/2026\/03\/Jff-scaled.jpg\" alt=\"\" width=\"2560\" height=\"887\" srcset=\"https:\/\/geb-schulen-vs.de\/wordpress\/wp-content\/uploads\/2026\/03\/Jff-scaled.jpg 2560w, https:\/\/geb-schulen-vs.de\/wordpress\/wp-content\/uploads\/2026\/03\/Jff-300x104.jpg 300w, https:\/\/geb-schulen-vs.de\/wordpress\/wp-content\/uploads\/2026\/03\/Jff-1024x355.jpg 1024w, https:\/\/geb-schulen-vs.de\/wordpress\/wp-content\/uploads\/2026\/03\/Jff-768x266.jpg 768w, https:\/\/geb-schulen-vs.de\/wordpress\/wp-content\/uploads\/2026\/03\/Jff-1536x532.jpg 1536w, https:\/\/geb-schulen-vs.de\/wordpress\/wp-content\/uploads\/2026\/03\/Jff-2048x710.jpg 2048w, https:\/\/geb-schulen-vs.de\/wordpress\/wp-content\/uploads\/2026\/03\/Jff-173x60.jpg 173w\" sizes=\"auto, (max-width: 2560px) 100vw, 2560px\" \/><\/a><figcaption id=\"caption-attachment-8302\" class=\"wp-caption-text\">zum Vergr\u00f6\u00dfern einfach anklicken !<\/figcaption><\/figure>\n<p>&nbsp;<\/p>\n<h4 style=\"text-align: center;\"><span style=\"color: #ff0000;\"><a style=\"color: #ff0000;\" href=\"https:\/\/www.geb-schulen-vs.de\/wordpress\/wp-content\/uploads\/2026\/01\/Screenshot_2.jpg\">Der Gesamtelternbeirat -Schulen- VS ist nicht Ausrichter oder Veranstalter der Messe Jobs for Future! Wir bitten alle Anfragen direkt an die Messeveranstalter zu stellen !\u00a0<\/a><\/span><\/h4>\n<p>&nbsp;<\/p>\n<div id=\"wp_fb_like_button\" style=\"margin:5px 0;float:none;height:100px;\"><script src=\"http:\/\/connect.facebook.net\/en_US\/all.js#xfbml=1\"><\/script><fb:like href=\"https:\/\/www.geb-schulen-vs.de\/?page_id=8292\" send=\"false\" layout=\"standard\" width=\"850\" show_faces=\"true\" font=\"arial\" action=\"like\" colorscheme=\"light\"><\/fb:like><\/div>","protected":false},"excerpt":{"rendered":"<p>Pers\u00f6nliche Beratung, Gespr\u00e4che face to face und lebendiges Messegeschehen: die Jobs for Future auf dem Messegel\u00e4nde Villingen-Schwenningen ist Treffpunkt f\u00fcr Menschen in allen Phasen des Berufslebens. Sie ist Kommunikationsplattform, Treffpunkt zum Netzwerken und Jobb\u00f6rse live. Ob Stellenangebote, Studien- und Ausbildungspl\u00e4tze, &hellip; <\/p>\n","protected":false},"author":257,"featured_media":0,"parent":0,"menu_order":0,"comment_status":"closed","ping_status":"closed","template":"","meta":{"footnotes":""},"class_list":["post-8292","page","type-page","status-publish","hentry"],"_links":{"self":[{"href":"https:\/\/www.geb-schulen-vs.de\/index.php?rest_route=\/wp\/v2\/pages\/8292","targetHints":{"allow":["GET"]}}],"collection":[{"href":"https:\/\/www.geb-schulen-vs.de\/index.php?rest_route=\/wp\/v2\/pages"}],"about":[{"href":"https:\/\/www.geb-schulen-vs.de\/index.php?rest_route=\/wp\/v2\/types\/page"}],"author":[{"embeddable":true,"href":"https:\/\/www.geb-schulen-vs.de\/index.php?rest_route=\/wp\/v2\/users\/257"}],"replies":[{"embeddable":true,"href":"https:\/\/www.geb-schulen-vs.de\/index.php?rest_route=%2Fwp%2Fv2%2Fcomments&post=8292"}],"version-history":[{"count":10,"href":"https:\/\/www.geb-schulen-vs.de\/index.php?rest_route=\/wp\/v2\/pages\/8292\/revisions"}],"predecessor-version":[{"id":8306,"href":"https:\/\/www.geb-schulen-vs.de\/index.php?rest_route=\/wp\/v2\/pages\/8292\/revisions\/8306"}],"wp:attachment":[{"href":"https:\/\/www.geb-schulen-vs.de\/index.php?rest_route=%2Fwp%2Fv2%2Fmedia&parent=8292"}],"curies":[{"name":"wp","href":"https:\/\/api.w.org\/{rel}","templated":true}]}}