{"id":8307,"date":"2026-03-03T13:16:18","date_gmt":"2026-03-03T12:16:18","guid":{"rendered":"https:\/\/www.geb-schulen-vs.de\/?page_id=8307"},"modified":"2026-03-03T13:18:54","modified_gmt":"2026-03-03T12:18:54","slug":"berufsberatung-newsletter","status":"publish","type":"page","link":"https:\/\/www.geb-schulen-vs.de\/?page_id=8307","title":{"rendered":"Berufsberatung &#8211; Newsletter"},"content":{"rendered":"<div>\n<div class=\"style__focusable___t3PLD\" tabindex=\"0\" role=\"presentation\" aria-label=\"Das Dokument informiert Eltern \u00fcber aktuelle Angebote und Veranstaltungen der Berufsberatung im M\u00e4rz 2026, um die Berufswahl ihrer Kinder zu unterst\u00fctzen. **Veranstaltungen und Messen** - Die Messe &quot;Jobs for Future&quot; in VS-Schwenningen vom 12. bis 14. M\u00e4rz bietet Live-Streams mit Interviews und Expertengespr\u00e4chen, inklusive einem speziellen Elternthema am 13. M\u00e4rz: \u201eGemeinsam zum Traumberuf\u201c. - Digitale Elternabende vom 2. bis 15. M\u00e4rz mit \u00fcber 80 Unternehmen informieren \u00fcber Ausbildungs- und Studienm\u00f6glichkeiten, Branchen, Unternehmenskultur und Perspektiven nach Abschluss. - Die Woche der Ausbildung vom 16. bis 20. M\u00e4rz stellt Tools und Tipps f\u00fcr die Ausbildungs- und Praktikumssuche bereit, inklusive spezieller Materialien f\u00fcr Erziehungsberechtigte. - Weitere Veranstaltungen umfassen die Berufs- und Ausbildungsb\u00f6rse in Tuttlingen (25.\/26. April), eine Infoveranstaltung zu Berufen in Uniform (7. Mai), die Starter-Messe in Rottweil (26.\/27. Juni) sowie eine Bundeswehr-Informationsveranstaltung am 17. M\u00e4rz in VS und am 11. Juni in Rottweil. **Unterst\u00fctzung bei der Berufswahl** - Die Berufsberatung bietet vielf\u00e4ltige Informationsquellen, Beratung und Tools, um Jugendliche bei der Berufswahl, Bewerbung und Ausbildungsplatzsuche zu begleiten. - Spezielle Materialien f\u00fcr Eltern und Erziehungsberechtigte sind verf\u00fcgbar, um sie aktiv in den Entscheidungsprozess einzubinden. - Die Angebote zielen darauf ab, Jugendliche bei der Orientierung, der Wahl zwischen Ausbildung oder Studium sowie bei der Vorbereitung auf die Berufswelt zu unterst\u00fctzen.\">\n<div id=\"fulldoc_summary_copyable\" class=\"gt_copyable\">\n<div class=\"style__markdown___Wu1Gp style__gtHeading___mmDJi\">\n<p style=\"text-align: center;\">Wir bieten hier den aktuellen Newsletter f\u00fcr Eltern aus der Berufsberatung an:<\/p>\n<h3 style=\"text-align: center;\"><span style=\"color: #ff0000;\"><a style=\"color: #ff0000;\" href=\"https:\/\/www.geb-schulen-vs.de\/wordpress\/wp-content\/uploads\/2026\/03\/260223_Eltern-News_Februar-2026.pdf\" target=\"_blank\" rel=\"noopener\">Eltern News_Februar 2026<\/a><\/span><\/h3>\n<p style=\"text-align: center;\"><span style=\"color: #ff9900;\">Das Dokument informiert Eltern \u00fcber aktuelle Angebote und Veranstaltungen der Berufsberatung im M\u00e4rz 2026, um die Berufswahl ihrer Kinder zu unterst\u00fctzen.<\/span><\/p>\n<p><strong>Veranstaltungen und Messen<\/strong><\/p>\n<ul>\n<li>Die Messe &#8222;Jobs for Future&#8220; in VS-Schwenningen vom 12. bis 14. M\u00e4rz bietet Live-Streams mit Interviews und Expertengespr\u00e4chen, inklusive einem speziellen Elternthema am 13. M\u00e4rz: \u201eGemeinsam zum Traumberuf\u201c. \u200b<\/li>\n<li>Digitale Elternabende vom 2. bis 15. M\u00e4rz mit \u00fcber 80 Unternehmen informieren \u00fcber Ausbildungs- und Studienm\u00f6glichkeiten, Branchen, Unternehmenskultur und Perspektiven nach Abschluss. \u200b<\/li>\n<li>Die Woche der Ausbildung vom 16. bis 20. M\u00e4rz stellt Tools und Tipps f\u00fcr die Ausbildungs- und Praktikumssuche bereit, inklusive spezieller Materialien f\u00fcr Erziehungsberechtigte. \u200b<\/li>\n<li>Weitere Veranstaltungen umfassen die Berufs- und Ausbildungsb\u00f6rse in Tuttlingen (25.\/26. \u200b April), eine Infoveranstaltung zu Berufen in Uniform (7. Mai), die Starter-Messe in Rottweil (26.\/27. Juni) sowie eine Bundeswehr-Informationsveranstaltung am 17. M\u00e4rz in VS und am 11. Juni in Rottweil.<\/li>\n<\/ul>\n<p><strong>Unterst\u00fctzung bei der Berufswahl<\/strong><\/p>\n<ul>\n<li>Die Berufsberatung bietet vielf\u00e4ltige Informationsquellen, Beratung und Tools, um Jugendliche bei der Berufswahl, Bewerbung und Ausbildungsplatzsuche zu begleiten. \u200b<\/li>\n<li>Spezielle Materialien f\u00fcr Eltern und Erziehungsberechtigte sind verf\u00fcgbar, um sie aktiv in den Entscheidungsprozess einzubinden.<\/li>\n<li>Die Angebote zielen darauf ab, Jugendliche bei der Orientierung, der Wahl zwischen Ausbildung oder Studium sowie bei der Vorbereitung auf die Berufswelt zu unterst\u00fctzen.<\/li>\n<\/ul>\n<\/div>\n<\/div>\n<\/div>\n<\/div>\n<div id=\"wp_fb_like_button\" style=\"margin:5px 0;float:none;height:100px;\"><script src=\"http:\/\/connect.facebook.net\/en_US\/all.js#xfbml=1\"><\/script><fb:like href=\"https:\/\/www.geb-schulen-vs.de\/?page_id=8307\" send=\"false\" layout=\"standard\" width=\"850\" show_faces=\"true\" font=\"arial\" action=\"like\" colorscheme=\"light\"><\/fb:like><\/div>","protected":false},"excerpt":{"rendered":"<p>Wir bieten hier den aktuellen Newsletter f\u00fcr Eltern aus der Berufsberatung an: Eltern News_Februar 2026 Das Dokument informiert Eltern \u00fcber aktuelle Angebote und Veranstaltungen der Berufsberatung im M\u00e4rz 2026, um die Berufswahl ihrer Kinder zu unterst\u00fctzen. Veranstaltungen und Messen Die &hellip; <\/p>\n","protected":false},"author":257,"featured_media":0,"parent":0,"menu_order":0,"comment_status":"closed","ping_status":"closed","template":"","meta":{"footnotes":""},"class_list":["post-8307","page","type-page","status-publish","hentry"],"_links":{"self":[{"href":"https:\/\/www.geb-schulen-vs.de\/index.php?rest_route=\/wp\/v2\/pages\/8307","targetHints":{"allow":["GET"]}}],"collection":[{"href":"https:\/\/www.geb-schulen-vs.de\/index.php?rest_route=\/wp\/v2\/pages"}],"about":[{"href":"https:\/\/www.geb-schulen-vs.de\/index.php?rest_route=\/wp\/v2\/types\/page"}],"author":[{"embeddable":true,"href":"https:\/\/www.geb-schulen-vs.de\/index.php?rest_route=\/wp\/v2\/users\/257"}],"replies":[{"embeddable":true,"href":"https:\/\/www.geb-schulen-vs.de\/index.php?rest_route=%2Fwp%2Fv2%2Fcomments&post=8307"}],"version-history":[{"count":2,"href":"https:\/\/www.geb-schulen-vs.de\/index.php?rest_route=\/wp\/v2\/pages\/8307\/revisions"}],"predecessor-version":[{"id":8311,"href":"https:\/\/www.geb-schulen-vs.de\/index.php?rest_route=\/wp\/v2\/pages\/8307\/revisions\/8311"}],"wp:attachment":[{"href":"https:\/\/www.geb-schulen-vs.de\/index.php?rest_route=%2Fwp%2Fv2%2Fmedia&parent=8307"}],"curies":[{"name":"wp","href":"https:\/\/api.w.org\/{rel}","templated":true}]}}