{"id":8332,"date":"2026-04-27T17:40:15","date_gmt":"2026-04-27T15:40:15","guid":{"rendered":"https:\/\/www.geb-schulen-vs.de\/?page_id=8332"},"modified":"2026-04-27T18:14:14","modified_gmt":"2026-04-27T16:14:14","slug":"berufe-in-uniform","status":"publish","type":"page","link":"https:\/\/www.geb-schulen-vs.de\/?page_id=8332","title":{"rendered":"Berufe in Uniform"},"content":{"rendered":"<h3><em><strong>Berufe in Uniform\u00a0<\/strong><\/em><\/h3>\n<p>&nbsp;<\/p>\n<h4 class=\"xmsonormal\" style=\"text-align: left;\"><span style=\"font-size: 10.0pt; font-family: 'Arial',sans-serif;\">\u00a0<\/span><span style=\"font-size: 10.0pt; font-family: 'Arial',sans-serif;\">am <u>Donnerstag, 07. Mai 2026, 16.30 Uhr<\/u> bietet das BIZ Ihren Kindern die Teilnahme an der Veranstaltung <u>\u201eBerufe in Uniform\u201c<\/u> an.<\/span><\/h4>\n<h4 class=\"xmsonormal\" style=\"text-align: left;\"><span style=\"font-size: 10.0pt; font-family: 'Arial',sans-serif;\">Die Veranstaltung findet im <u>Berufsinformationszentrum (BiZ) der Agentur f\u00fcr Arbeit in Rottweil, Marxstr. 12<\/u> statt.<\/span><\/h4>\n<p>&nbsp;<\/p>\n<h5 style=\"text-align: left;\"><span style=\"font-size: 10.0pt; font-family: 'Arial',sans-serif;\">Die Karriereberater*innen der Bundes- und der Landespolizei, des Zolls, der Bundeswehr und des Justizvollzugs berichten in <u>kurzen Vortr\u00e4gen<\/u> \u00fcber die Ausbildungs- und Studienm\u00f6glichkeiten, die an der jeweiligen Beh\u00f6rde absolviert werden k\u00f6nnen. Dabei sprechen die Referenten auch \u00fcber die Voraussetzungen, den Ablauf, dieKarriereaussichten, die finanziellen Aspekte und vieles mehr.<\/span><\/h5>\n<h5 style=\"text-align: left;\"><span style=\"font-size: 10.0pt; font-family: 'Arial',sans-serif;\">Im Anschluss an die kurzen Vortr\u00e4ge besteht die M\u00f6glichkeit, mit den Einstellungsberater*innen ins pers\u00f6nliche Gespr\u00e4ch zu kommen.<\/span><span style=\"font-size: 10.0pt; font-family: 'Arial',sans-serif;\">Die Veranstaltung ist kostenlos. Da die Pl\u00e4tze begrenzt sind, bittet das Berufsinformationszentrum bei Interesse um eine Anmeldung unter <a href=\"https:\/\/eveeno.com\/313871334\">https:\/\/eveeno.com\/313871334<\/a><\/span><\/h5>\n<p>&nbsp;<\/p>\n<h3><em><strong><a href=\"https:\/\/www.geb-schulen-vs.de\/wordpress\/wp-content\/uploads\/2026\/04\/Flyer-Info-und-Anmeldung-4.pdf\" target=\"_blank\" rel=\"noopener\">Flyer Info und Anmeldung<\/a><\/strong><\/em><\/h3>\n<p>&nbsp;<\/p>\n<p>&nbsp;<\/p>\n<div id=\"wp_fb_like_button\" style=\"margin:5px 0;float:none;height:100px;\"><script src=\"http:\/\/connect.facebook.net\/en_US\/all.js#xfbml=1\"><\/script><fb:like href=\"https:\/\/www.geb-schulen-vs.de\/?page_id=8332\" send=\"false\" layout=\"standard\" width=\"850\" show_faces=\"true\" font=\"arial\" action=\"like\" colorscheme=\"light\"><\/fb:like><\/div>","protected":false},"excerpt":{"rendered":"<p>Berufe in Uniform\u00a0 &nbsp; \u00a0am Donnerstag, 07. Mai 2026, 16.30 Uhr bietet das BIZ Ihren Kindern die Teilnahme an der Veranstaltung \u201eBerufe in Uniform\u201c an. Die Veranstaltung findet im Berufsinformationszentrum (BiZ) der Agentur f\u00fcr Arbeit in Rottweil, Marxstr. 12 statt. &hellip; <\/p>\n","protected":false},"author":257,"featured_media":0,"parent":0,"menu_order":0,"comment_status":"closed","ping_status":"closed","template":"","meta":{"footnotes":""},"class_list":["post-8332","page","type-page","status-publish","hentry"],"_links":{"self":[{"href":"https:\/\/www.geb-schulen-vs.de\/index.php?rest_route=\/wp\/v2\/pages\/8332","targetHints":{"allow":["GET"]}}],"collection":[{"href":"https:\/\/www.geb-schulen-vs.de\/index.php?rest_route=\/wp\/v2\/pages"}],"about":[{"href":"https:\/\/www.geb-schulen-vs.de\/index.php?rest_route=\/wp\/v2\/types\/page"}],"author":[{"embeddable":true,"href":"https:\/\/www.geb-schulen-vs.de\/index.php?rest_route=\/wp\/v2\/users\/257"}],"replies":[{"embeddable":true,"href":"https:\/\/www.geb-schulen-vs.de\/index.php?rest_route=%2Fwp%2Fv2%2Fcomments&post=8332"}],"version-history":[{"count":7,"href":"https:\/\/www.geb-schulen-vs.de\/index.php?rest_route=\/wp\/v2\/pages\/8332\/revisions"}],"predecessor-version":[{"id":8363,"href":"https:\/\/www.geb-schulen-vs.de\/index.php?rest_route=\/wp\/v2\/pages\/8332\/revisions\/8363"}],"wp:attachment":[{"href":"https:\/\/www.geb-schulen-vs.de\/index.php?rest_route=%2Fwp%2Fv2%2Fmedia&parent=8332"}],"curies":[{"name":"wp","href":"https:\/\/api.w.org\/{rel}","templated":true}]}}