{"id":8353,"date":"2026-04-27T18:02:16","date_gmt":"2026-04-27T16:02:16","guid":{"rendered":"https:\/\/www.geb-schulen-vs.de\/?page_id=8353"},"modified":"2026-04-27T18:02:16","modified_gmt":"2026-04-27T16:02:16","slug":"berufsorientierung-ukrainischer-schueler","status":"publish","type":"page","link":"https:\/\/www.geb-schulen-vs.de\/?page_id=8353","title":{"rendered":"Berufsorientierung Ukrainischer Sch\u00fcler"},"content":{"rendered":"<h3><em><strong>Digitaler\u00a0 Elternabend f\u00fcr Ukrainische Eltern \/Kindern<\/strong><\/em><\/h3>\n<p>&nbsp;<\/p>\n<p>die Gemeinn\u00fctzige Elternstiftung Baden-W\u00fcrttemberg l\u00e4dt am <strong>07. Mai<\/strong> <strong>2026<\/strong> zu einem <strong>digitalen Informationsabend zur Beruflichen Orientierung f\u00fcr ukrainische Eltern<\/strong> <strong>und Ihre Kinder<\/strong> ein. Detaillierte Informationen sowie die Zugangsdaten f\u00fcr diese Veranstaltung finden Sie in den beigef\u00fcgten Anh\u00e4ngen.<\/p>\n<p><a href=\"https:\/\/www.geb-schulen-vs.de\/wordpress\/wp-content\/uploads\/2026\/04\/Einladungsschreiben-deutsch.pdf\" target=\"_blank\" rel=\"noopener\">Einladungsschreiben deutsch<\/a><\/p>\n<p><a href=\"https:\/\/www.geb-schulen-vs.de\/wordpress\/wp-content\/uploads\/2026\/04\/Einladungsschreiben-ukrainisch-.pdf\" target=\"_blank\" rel=\"noopener\">Einladungsschreiben ukrainisch<\/a><\/p>\n<p><a href=\"https:\/\/www.geb-schulen-vs.de\/wordpress\/wp-content\/uploads\/2026\/04\/Flyer-Elternabend-BO-deutsch-1.pdf\" target=\"_blank\" rel=\"noopener\">Flyer Elternabend deutsch<\/a><\/p>\n<p><a href=\"https:\/\/www.geb-schulen-vs.de\/wordpress\/wp-content\/uploads\/2026\/04\/Flyer-\u0417\u0430\u043f\u0440\u043e\u0448\u0435\u043d\u043d\u044f-ukrainisch.pdf\" target=\"_blank\" rel=\"noopener\">Flyer \u0417\u0430\u043f\u0440\u043e\u0448\u0435\u043d\u043d\u044f ukrainisch<\/a><\/p>\n<p>&nbsp;<\/p>\n<p>&nbsp;<\/p>\n<div id=\"wp_fb_like_button\" style=\"margin:5px 0;float:none;height:100px;\"><script src=\"http:\/\/connect.facebook.net\/en_US\/all.js#xfbml=1\"><\/script><fb:like href=\"https:\/\/www.geb-schulen-vs.de\/?page_id=8353\" send=\"false\" layout=\"standard\" width=\"850\" show_faces=\"true\" font=\"arial\" action=\"like\" colorscheme=\"light\"><\/fb:like><\/div>","protected":false},"excerpt":{"rendered":"<p>Digitaler\u00a0 Elternabend f\u00fcr Ukrainische Eltern \/Kindern &nbsp; die Gemeinn\u00fctzige Elternstiftung Baden-W\u00fcrttemberg l\u00e4dt am 07. Mai 2026 zu einem digitalen Informationsabend zur Beruflichen Orientierung f\u00fcr ukrainische Eltern und Ihre Kinder ein. Detaillierte Informationen sowie die Zugangsdaten f\u00fcr diese Veranstaltung finden Sie &hellip; <\/p>\n","protected":false},"author":257,"featured_media":0,"parent":0,"menu_order":0,"comment_status":"closed","ping_status":"closed","template":"","meta":{"footnotes":""},"class_list":["post-8353","page","type-page","status-publish","hentry"],"_links":{"self":[{"href":"https:\/\/www.geb-schulen-vs.de\/index.php?rest_route=\/wp\/v2\/pages\/8353","targetHints":{"allow":["GET"]}}],"collection":[{"href":"https:\/\/www.geb-schulen-vs.de\/index.php?rest_route=\/wp\/v2\/pages"}],"about":[{"href":"https:\/\/www.geb-schulen-vs.de\/index.php?rest_route=\/wp\/v2\/types\/page"}],"author":[{"embeddable":true,"href":"https:\/\/www.geb-schulen-vs.de\/index.php?rest_route=\/wp\/v2\/users\/257"}],"replies":[{"embeddable":true,"href":"https:\/\/www.geb-schulen-vs.de\/index.php?rest_route=%2Fwp%2Fv2%2Fcomments&post=8353"}],"version-history":[{"count":1,"href":"https:\/\/www.geb-schulen-vs.de\/index.php?rest_route=\/wp\/v2\/pages\/8353\/revisions"}],"predecessor-version":[{"id":8360,"href":"https:\/\/www.geb-schulen-vs.de\/index.php?rest_route=\/wp\/v2\/pages\/8353\/revisions\/8360"}],"wp:attachment":[{"href":"https:\/\/www.geb-schulen-vs.de\/index.php?rest_route=%2Fwp%2Fv2%2Fmedia&parent=8353"}],"curies":[{"name":"wp","href":"https:\/\/api.w.org\/{rel}","templated":true}]}}